{"id":20,"date":"2025-03-25T17:17:45","date_gmt":"2025-03-25T17:17:45","guid":{"rendered":"https:\/\/bargaldakanes.rkinformatika.online\/?page_id=20"},"modified":"2025-04-01T09:01:04","modified_gmt":"2025-04-01T09:01:04","slug":"inicio","status":"publish","type":"page","link":"https:\/\/bargaldakanes.es\/eu\/","title":{"rendered":"Hasiera"},"content":{"rendered":"<div data-elementor-type=\"wp-page\" data-elementor-id=\"20\" class=\"elementor elementor-20\" data-elementor-post-type=\"page\">\n\t\t\t\t<div class=\"elementor-element elementor-element-27741bd e-flex e-con-boxed e-con e-parent\" data-id=\"27741bd\" data-element_type=\"container\" data-e-type=\"container\" data-settings=\"{&quot;background_background&quot;:&quot;classic&quot;}\">\n\t\t\t\t\t<div class=\"e-con-inner\">\n\t\t\t\t\t<\/div>\n\t\t\t\t<\/div>\n\t\t<div class=\"elementor-element elementor-element-c52025b e-flex e-con-boxed e-con e-parent\" data-id=\"c52025b\" data-element_type=\"container\" data-e-type=\"container\" data-settings=\"{&quot;background_background&quot;:&quot;classic&quot;}\">\n\t\t\t\t\t<div class=\"e-con-inner\">\n\t\t\t\t<div class=\"elementor-element elementor-element-d72bb34 elementor-widget elementor-widget-heading\" data-id=\"d72bb34\" data-element_type=\"widget\" data-e-type=\"widget\" data-widget_type=\"heading.default\">\n\t\t\t\t<div class=\"elementor-widget-container\">\n\t\t\t\t\t<h2 class=\"elementor-heading-title elementor-size-default\">Nor Gara<\/h2>\t\t\t\t<\/div>\n\t\t\t\t<\/div>\n\t\t\t\t\t<\/div>\n\t\t\t\t<\/div>\n\t\t<div class=\"elementor-element elementor-element-0f685db e-flex e-con-boxed e-con e-parent\" data-id=\"0f685db\" data-element_type=\"container\" data-e-type=\"container\">\n\t\t\t\t\t<div class=\"e-con-inner\">\n\t\t<div class=\"elementor-element elementor-element-d261ac5 e-con-full e-flex e-con e-child\" data-id=\"d261ac5\" data-element_type=\"container\" data-e-type=\"container\" data-settings=\"{&quot;background_background&quot;:&quot;classic&quot;}\">\n\t\t\t\t<\/div>\n\t\t<div class=\"elementor-element elementor-element-be942cf e-con-full e-flex e-con e-child\" data-id=\"be942cf\" data-element_type=\"container\" data-e-type=\"container\">\n\t\t\t\t<div class=\"elementor-element elementor-element-ace97d6 elementor-widget elementor-widget-text-editor\" data-id=\"ace97d6\" data-element_type=\"widget\" data-e-type=\"widget\" data-widget_type=\"text-editor.default\">\n\t\t\t\t<div class=\"elementor-widget-container\">\n\t\t\t\t\t\t\t\t\t<p>Galdakaoren bihotzean, banku eta saltokiekin batera, Galdakanes taberna aurkituko duzu, sukaldaritza onari eta gertuko tratuari eskainitako 40 urtetik gorako historia duen klasikoa. Ezagunak gara gure etxeko tortilla bikainengatik (patataren tortilla klasikotik hasi eta berritzaileenetaraino), pintxo egin berriengatik eta goizak alaitzen dituzten gosari sendoengatik.<\/p><p>Gure lokala, beti zalapartatsua eta abegitsua, benetakotasuna eta kalitatea bilatzen duten bizilagun eta bisitarientzako topagunea da. Hemen, tortilla bakoitzak hamarkadetako esperientziaren sekretua darama, eta pintxo bakoitza osagairik freskoenekin prestatzen da.<\/p><p>Zain gaituzu Galdakaon zergatik garen erreferente probatzeko!<\/p><p><em>Tradizioa, zaporea... eta askoz gehiago.<\/em><\/p>\t\t\t\t\t\t\t\t<\/div>\n\t\t\t\t<\/div>\n\t\t\t\t<\/div>\n\t\t\t\t\t<\/div>\n\t\t\t\t<\/div>\n\t\t<div class=\"elementor-element elementor-element-40ea0f3 e-flex e-con-boxed e-con e-parent\" data-id=\"40ea0f3\" data-element_type=\"container\" data-e-type=\"container\">\n\t\t\t\t\t<div class=\"e-con-inner\">\n\t\t\t\t<div class=\"elementor-element elementor-element-e4aaba1 elementor-arrows-position-inside elementor-pagination-position-outside elementor-widget elementor-widget-image-carousel\" data-id=\"e4aaba1\" data-element_type=\"widget\" data-e-type=\"widget\" data-settings=\"{&quot;slides_to_show&quot;:&quot;5&quot;,&quot;navigation&quot;:&quot;both&quot;,&quot;autoplay&quot;:&quot;yes&quot;,&quot;autoplay_speed&quot;:5000,&quot;infinite&quot;:&quot;yes&quot;,&quot;speed&quot;:500}\" data-widget_type=\"image-carousel.default\">\n\t\t\t\t<div class=\"elementor-widget-container\">\n\t\t\t\t\t\t\t<div class=\"elementor-image-carousel-wrapper swiper\" role=\"region\" aria-roledescription=\"carousel\" aria-label=\"Carrusel de im\u00e1genes\" dir=\"ltr\">\n\t\t\t<div class=\"elementor-image-carousel swiper-wrapper swiper-image-stretch\" aria-live=\"off\">\n\t\t\t\t\t\t\t\t<div class=\"swiper-slide\" role=\"group\" aria-roledescription=\"slide\" aria-label=\"1 of 12\"><a data-elementor-open-lightbox=\"yes\" data-elementor-lightbox-slideshow=\"e4aaba1\" data-elementor-lightbox-title=\"banner_contacto\" data-e-action-hash=\"#elementor-action%3Aaction%3Dlightbox%26settings%3DeyJpZCI6MjE2LCJ1cmwiOiJodHRwczpcL1wvYmFyZ2FsZGFrYW5lcy5lc1wvd3AtY29udGVudFwvdXBsb2Fkc1wvMjAyNVwvMDNcL2Jhbm5lcl9jb250YWN0by5qcGciLCJzbGlkZXNob3ciOiJlNGFhYmExIn0%3D\" href=\"https:\/\/bargaldakanes.es\/wp-content\/uploads\/2025\/03\/banner_contacto.jpg\"><figure class=\"swiper-slide-inner\"><img decoding=\"async\" class=\"swiper-slide-image\" src=\"https:\/\/bargaldakanes.es\/wp-content\/uploads\/elementor\/thumbs\/banner_contacto-r3f8t5j6k5g3rj8ke8vdzrzalh70hybgy7fdqbesi8.jpg\" alt=\"banner_contacto\" \/><\/figure><\/a><\/div><div class=\"swiper-slide\" role=\"group\" aria-roledescription=\"slide\" aria-label=\"2 of 12\"><a data-elementor-open-lightbox=\"yes\" data-elementor-lightbox-slideshow=\"e4aaba1\" data-elementor-lightbox-title=\"servicios6\" data-e-action-hash=\"#elementor-action%3Aaction%3Dlightbox%26settings%3DeyJpZCI6MjAwLCJ1cmwiOiJodHRwczpcL1wvYmFyZ2FsZGFrYW5lcy5lc1wvd3AtY29udGVudFwvdXBsb2Fkc1wvMjAyNVwvMDNcL3NlcnZpY2lvczYuanBnIiwic2xpZGVzaG93IjoiZTRhYWJhMSJ9\" href=\"https:\/\/bargaldakanes.es\/wp-content\/uploads\/2025\/03\/servicios6.jpg\"><figure class=\"swiper-slide-inner\"><img decoding=\"async\" class=\"swiper-slide-image\" src=\"https:\/\/bargaldakanes.es\/wp-content\/uploads\/elementor\/thumbs\/servicios6-r3f88e9hmv15dje0lruzfijuc5i7ikwv3gsd7c6rww.jpg\" alt=\"servicios6\" \/><\/figure><\/a><\/div><div class=\"swiper-slide\" role=\"group\" aria-roledescription=\"slide\" aria-label=\"3 of 12\"><a data-elementor-open-lightbox=\"yes\" data-elementor-lightbox-slideshow=\"e4aaba1\" data-elementor-lightbox-title=\"servicios_6\" data-e-action-hash=\"#elementor-action%3Aaction%3Dlightbox%26settings%3DeyJpZCI6MTk4LCJ1cmwiOiJodHRwczpcL1wvYmFyZ2FsZGFrYW5lcy5lc1wvd3AtY29udGVudFwvdXBsb2Fkc1wvMjAyNVwvMDNcL3NlcnZpY2lvc182LmpwZyIsInNsaWRlc2hvdyI6ImU0YWFiYTEifQ%3D%3D\" href=\"https:\/\/bargaldakanes.es\/wp-content\/uploads\/2025\/03\/servicios_6.jpg\"><figure class=\"swiper-slide-inner\"><img decoding=\"async\" class=\"swiper-slide-image\" src=\"https:\/\/bargaldakanes.es\/wp-content\/uploads\/elementor\/thumbs\/servicios_6-r3f858j0nwpgcpz81wp4jt92gj2sn7dcbtum4uvets.jpg\" alt=\"servicios_6\" \/><\/figure><\/a><\/div><div class=\"swiper-slide\" role=\"group\" aria-roledescription=\"slide\" aria-label=\"4 of 12\"><a data-elementor-open-lightbox=\"yes\" data-elementor-lightbox-slideshow=\"e4aaba1\" data-elementor-lightbox-title=\"servicios_5\" data-e-action-hash=\"#elementor-action%3Aaction%3Dlightbox%26settings%3DeyJpZCI6MTg4LCJ1cmwiOiJodHRwczpcL1wvYmFyZ2FsZGFrYW5lcy5lc1wvd3AtY29udGVudFwvdXBsb2Fkc1wvMjAyNVwvMDNcL3NlcnZpY2lvc181LmpwZyIsInNsaWRlc2hvdyI6ImU0YWFiYTEifQ%3D%3D\" href=\"https:\/\/bargaldakanes.es\/wp-content\/uploads\/2025\/03\/servicios_5.jpg\"><figure class=\"swiper-slide-inner\"><img decoding=\"async\" class=\"swiper-slide-image\" src=\"https:\/\/bargaldakanes.es\/wp-content\/uploads\/elementor\/thumbs\/servicios_5-r3f80ydhj2ufgo75222b6w5h1c6lkudd2muzfh7z68.jpg\" alt=\"servicios_5\" \/><\/figure><\/a><\/div><div class=\"swiper-slide\" role=\"group\" aria-roledescription=\"slide\" aria-label=\"5 of 12\"><a data-elementor-open-lightbox=\"yes\" data-elementor-lightbox-slideshow=\"e4aaba1\" data-elementor-lightbox-title=\"IMG_20250324_143809 - itzi Gar\" data-e-action-hash=\"#elementor-action%3Aaction%3Dlightbox%26settings%3DeyJpZCI6MTg0LCJ1cmwiOiJodHRwczpcL1wvYmFyZ2FsZGFrYW5lcy5lc1wvd3AtY29udGVudFwvdXBsb2Fkc1wvMjAyNVwvMDNcL0lNR18yMDI1MDMyNF8xNDM4MDktaXR6aS1HYXIuanBnIiwic2xpZGVzaG93IjoiZTRhYWJhMSJ9\" href=\"https:\/\/bargaldakanes.es\/wp-content\/uploads\/2025\/03\/IMG_20250324_143809-itzi-Gar.jpg\"><figure class=\"swiper-slide-inner\"><img decoding=\"async\" class=\"swiper-slide-image\" src=\"https:\/\/bargaldakanes.es\/wp-content\/uploads\/elementor\/thumbs\/IMG_20250324_143809-itzi-Gar-r3f7y5sr7t0qye98dcl8a3j5h3ybp8a30t212vd3o0.jpg\" alt=\"IMG_20250324_143809 - itzi Gar\" \/><\/figure><\/a><\/div><div class=\"swiper-slide\" role=\"group\" aria-roledescription=\"slide\" aria-label=\"6 of 12\"><a data-elementor-open-lightbox=\"yes\" data-elementor-lightbox-slideshow=\"e4aaba1\" data-elementor-lightbox-title=\"servicios_3\" data-e-action-hash=\"#elementor-action%3Aaction%3Dlightbox%26settings%3DeyJpZCI6MTc5LCJ1cmwiOiJodHRwczpcL1wvYmFyZ2FsZGFrYW5lcy5lc1wvd3AtY29udGVudFwvdXBsb2Fkc1wvMjAyNVwvMDNcL3NlcnZpY2lvc18zLmpwZyIsInNsaWRlc2hvdyI6ImU0YWFiYTEifQ%3D%3D\" href=\"https:\/\/bargaldakanes.es\/wp-content\/uploads\/2025\/03\/servicios_3.jpg\"><figure class=\"swiper-slide-inner\"><img decoding=\"async\" class=\"swiper-slide-image\" src=\"https:\/\/bargaldakanes.es\/wp-content\/uploads\/elementor\/thumbs\/servicios_3-r3f7jihapqyw15j6winixalk7y5er14o0b2mun2ymo.jpg\" alt=\"servicios_3\" \/><\/figure><\/a><\/div><div class=\"swiper-slide\" role=\"group\" aria-roledescription=\"slide\" aria-label=\"7 of 12\"><a data-elementor-open-lightbox=\"yes\" data-elementor-lightbox-slideshow=\"e4aaba1\" data-elementor-lightbox-title=\"IMG_20250324_143427 - itzi Gar\" data-e-action-hash=\"#elementor-action%3Aaction%3Dlightbox%26settings%3DeyJpZCI6MTYyLCJ1cmwiOiJodHRwczpcL1wvYmFyZ2FsZGFrYW5lcy5lc1wvd3AtY29udGVudFwvdXBsb2Fkc1wvMjAyNVwvMDNcL0lNR18yMDI1MDMyNF8xNDM0MjctaXR6aS1HYXIuanBnIiwic2xpZGVzaG93IjoiZTRhYWJhMSJ9\" href=\"https:\/\/bargaldakanes.es\/wp-content\/uploads\/2025\/03\/IMG_20250324_143427-itzi-Gar.jpg\"><figure class=\"swiper-slide-inner\"><img decoding=\"async\" class=\"swiper-slide-image\" src=\"https:\/\/bargaldakanes.es\/wp-content\/uploads\/elementor\/thumbs\/IMG_20250324_143427-itzi-Gar-r3f6y4nh8fp1wilerrw2p6v1pdjsmx8i2gryt0se6o.jpg\" alt=\"IMG_20250324_143427 - itzi Gar\" \/><\/figure><\/a><\/div><div class=\"swiper-slide\" role=\"group\" aria-roledescription=\"slide\" aria-label=\"8 of 12\"><a data-elementor-open-lightbox=\"yes\" data-elementor-lightbox-slideshow=\"e4aaba1\" data-elementor-lightbox-title=\"servicios1\" data-e-action-hash=\"#elementor-action%3Aaction%3Dlightbox%26settings%3DeyJpZCI6MTQwLCJ1cmwiOiJodHRwczpcL1wvYmFyZ2FsZGFrYW5lcy5lc1wvd3AtY29udGVudFwvdXBsb2Fkc1wvMjAyNVwvMDNcL3NlcnZpY2lvczEuanBnIiwic2xpZGVzaG93IjoiZTRhYWJhMSJ9\" href=\"https:\/\/bargaldakanes.es\/wp-content\/uploads\/2025\/03\/servicios1.jpg\"><figure class=\"swiper-slide-inner\"><img decoding=\"async\" class=\"swiper-slide-image\" src=\"https:\/\/bargaldakanes.es\/wp-content\/uploads\/elementor\/thumbs\/servicios1-r3f6aoker7lkaonhon13i3v49d46mq5jiexxujjxe8.jpg\" alt=\"servicios1\" \/><\/figure><\/a><\/div><div class=\"swiper-slide\" role=\"group\" aria-roledescription=\"slide\" aria-label=\"9 of 12\"><a data-elementor-open-lightbox=\"yes\" data-elementor-lightbox-slideshow=\"e4aaba1\" data-elementor-lightbox-title=\"banner_servicios\" data-e-action-hash=\"#elementor-action%3Aaction%3Dlightbox%26settings%3DeyJpZCI6MTMwLCJ1cmwiOiJodHRwczpcL1wvYmFyZ2FsZGFrYW5lcy5lc1wvd3AtY29udGVudFwvdXBsb2Fkc1wvMjAyNVwvMDNcL2Jhbm5lcl9zZXJ2aWNpb3MuanBnIiwic2xpZGVzaG93IjoiZTRhYWJhMSJ9\" href=\"https:\/\/bargaldakanes.es\/wp-content\/uploads\/2025\/03\/banner_servicios.jpg\"><figure class=\"swiper-slide-inner\"><img decoding=\"async\" class=\"swiper-slide-image\" src=\"https:\/\/bargaldakanes.es\/wp-content\/uploads\/elementor\/thumbs\/banner_servicios-r3f63kwb49vkkqyv5kiknwdqok4ch1yjv9hvba30eo.jpg\" alt=\"banner_servicios\" \/><\/figure><\/a><\/div><div class=\"swiper-slide\" role=\"group\" aria-roledescription=\"slide\" aria-label=\"10 of 12\"><a data-elementor-open-lightbox=\"yes\" data-elementor-lightbox-slideshow=\"e4aaba1\" data-elementor-lightbox-title=\"IMG_20250324_143524 - itzi Gar\" data-e-action-hash=\"#elementor-action%3Aaction%3Dlightbox%26settings%3DeyJpZCI6MTIyLCJ1cmwiOiJodHRwczpcL1wvYmFyZ2FsZGFrYW5lcy5lc1wvd3AtY29udGVudFwvdXBsb2Fkc1wvMjAyNVwvMDNcL0lNR18yMDI1MDMyNF8xNDM1MjQtaXR6aS1HYXIuanBnIiwic2xpZGVzaG93IjoiZTRhYWJhMSJ9\" href=\"https:\/\/bargaldakanes.es\/wp-content\/uploads\/2025\/03\/IMG_20250324_143524-itzi-Gar.jpg\"><figure class=\"swiper-slide-inner\"><img decoding=\"async\" class=\"swiper-slide-image\" src=\"https:\/\/bargaldakanes.es\/wp-content\/uploads\/elementor\/thumbs\/IMG_20250324_143524-itzi-Gar-r3f5xu3tcq0hmjb8p34nfckbzsflfn5lqtz1qelmfk.jpg\" alt=\"IMG_20250324_143524 - itzi Gar\" \/><\/figure><\/a><\/div><div class=\"swiper-slide\" role=\"group\" aria-roledescription=\"slide\" aria-label=\"11 of 12\"><a data-elementor-open-lightbox=\"yes\" data-elementor-lightbox-slideshow=\"e4aaba1\" data-elementor-lightbox-title=\"IMG_20250324_143607 - itzi Gar\" data-e-action-hash=\"#elementor-action%3Aaction%3Dlightbox%26settings%3DeyJpZCI6MTA3LCJ1cmwiOiJodHRwczpcL1wvYmFyZ2FsZGFrYW5lcy5lc1wvd3AtY29udGVudFwvdXBsb2Fkc1wvMjAyNVwvMDNcL0lNR18yMDI1MDMyNF8xNDM2MDctaXR6aS1HYXIuanBnIiwic2xpZGVzaG93IjoiZTRhYWJhMSJ9\" href=\"https:\/\/bargaldakanes.es\/wp-content\/uploads\/2025\/03\/IMG_20250324_143607-itzi-Gar.jpg\"><figure class=\"swiper-slide-inner\"><img decoding=\"async\" class=\"swiper-slide-image\" src=\"https:\/\/bargaldakanes.es\/wp-content\/uploads\/elementor\/thumbs\/IMG_20250324_143607-itzi-Gar-r3f59rgmbh24a2a39oimkf9caj36apl33ohd9aalsg.jpg\" alt=\"IMG_20250324_143607 - itzi Gar\" \/><\/figure><\/a><\/div><div class=\"swiper-slide\" role=\"group\" aria-roledescription=\"slide\" aria-label=\"12 of 12\"><a data-elementor-open-lightbox=\"yes\" data-elementor-lightbox-slideshow=\"e4aaba1\" data-elementor-lightbox-title=\"IMG_20250324_143636 - itzi Gar\" data-e-action-hash=\"#elementor-action%3Aaction%3Dlightbox%26settings%3DeyJpZCI6NzIsInVybCI6Imh0dHBzOlwvXC9iYXJnYWxkYWthbmVzLmVzXC93cC1jb250ZW50XC91cGxvYWRzXC8yMDI1XC8wM1wvSU1HXzIwMjUwMzI0XzE0MzYzNi1pdHppLUdhci5qcGciLCJzbGlkZXNob3ciOiJlNGFhYmExIn0%3D\" href=\"https:\/\/bargaldakanes.es\/wp-content\/uploads\/2025\/03\/IMG_20250324_143636-itzi-Gar.jpg\"><figure class=\"swiper-slide-inner\"><img decoding=\"async\" class=\"swiper-slide-image\" src=\"https:\/\/bargaldakanes.es\/wp-content\/uploads\/elementor\/thumbs\/IMG_20250324_143636-itzi-Gar-r3f4mwzu7fs839grob02got0idp07jvyalnic6630w.jpg\" alt=\"IMG_20250324_143636 - itzi Gar\" \/><\/figure><\/a><\/div>\t\t\t<\/div>\n\t\t\t\t\t\t\t\t\t\t\t\t<div class=\"elementor-swiper-button elementor-swiper-button-prev\" role=\"button\" tabindex=\"0\">\n\t\t\t\t\t\t<svg aria-hidden=\"true\" class=\"e-font-icon-svg e-eicon-chevron-left\" viewbox=\"0 0 1000 1000\" xmlns=\"http:\/\/www.w3.org\/2000\/svg\"><path d=\"M646 125C629 125 613 133 604 142L308 442C296 454 292 471 292 487 292 504 296 521 308 533L604 854C617 867 629 875 646 875 663 875 679 871 692 858 704 846 713 829 713 812 713 796 708 779 692 767L438 487 692 225C700 217 708 204 708 187 708 171 704 154 692 142 675 129 663 125 646 125Z\"><\/path><\/svg>\t\t\t\t\t<\/div>\n\t\t\t\t\t<div class=\"elementor-swiper-button elementor-swiper-button-next\" role=\"button\" tabindex=\"0\">\n\t\t\t\t\t\t<svg aria-hidden=\"true\" class=\"e-font-icon-svg e-eicon-chevron-right\" viewbox=\"0 0 1000 1000\" xmlns=\"http:\/\/www.w3.org\/2000\/svg\"><path d=\"M696 533C708 521 713 504 713 487 713 471 708 454 696 446L400 146C388 133 375 125 354 125 338 125 325 129 313 142 300 154 292 171 292 187 292 204 296 221 308 233L563 492 304 771C292 783 288 800 288 817 288 833 296 850 308 863 321 871 338 875 354 875 371 875 388 867 400 854L696 533Z\"><\/path><\/svg>\t\t\t\t\t<\/div>\n\t\t\t\t\n\t\t\t\t\t\t\t\t\t<div class=\"swiper-pagination\"><\/div>\n\t\t\t\t\t\t\t\t\t<\/div>\n\t\t\t\t\t\t<\/div>\n\t\t\t\t<\/div>\n\t\t\t\t\t<\/div>\n\t\t\t\t<\/div>\n\t\t<div class=\"elementor-element elementor-element-2a41de7 e-flex e-con-boxed e-con e-parent\" data-id=\"2a41de7\" data-element_type=\"container\" data-e-type=\"container\">\n\t\t\t\t\t<div class=\"e-con-inner\">\n\t\t\t\t<div class=\"elementor-element elementor-element-1e6e721 elementor-widget elementor-widget-heading\" data-id=\"1e6e721\" data-element_type=\"widget\" data-e-type=\"widget\" data-widget_type=\"heading.default\">\n\t\t\t\t<div class=\"elementor-widget-container\">\n\t\t\t\t\t<h2 class=\"elementor-heading-title elementor-size-default\">Itxaron zure tortilla eskatzeko!<\/h2>\t\t\t\t<\/div>\n\t\t\t\t<\/div>\n\t\t\t\t<div class=\"elementor-element elementor-element-21a7713 elementor-align-center elementor-widget elementor-widget-button\" data-id=\"21a7713\" data-element_type=\"widget\" data-e-type=\"widget\" data-widget_type=\"button.default\">\n\t\t\t\t<div class=\"elementor-widget-container\">\n\t\t\t\t\t\t\t\t\t<div class=\"elementor-button-wrapper\">\n\t\t\t\t\t<a class=\"elementor-button elementor-button-link elementor-size-sm elementor-animation-pulse-grow\" href=\"https:\/\/bargaldakanes.es\/eu\/contacto\/\">\n\t\t\t\t\t\t<span class=\"elementor-button-content-wrapper\">\n\t\t\t\t\t\t\t\t\t<span class=\"elementor-button-text\">Deitu, egin zure enkargua<\/span>\n\t\t\t\t\t<\/span>\n\t\t\t\t\t<\/a>\n\t\t\t\t<\/div>\n\t\t\t\t\t\t\t\t<\/div>\n\t\t\t\t<\/div>\n\t\t\t\t\t<\/div>\n\t\t\t\t<\/div>\n\t\t\t\t<\/div>","protected":false},"excerpt":{"rendered":"<p>Qui\u00e9nes somos En el coraz\u00f3n de Galdakao, junto a bancos y comercios, encontrar\u00e1s Bar Galdakanes, un cl\u00e1sico con m\u00e1s de 40 a\u00f1os de historia dedicados a la buena cocina y el trato cercano. Somos conocidos por nuestras exquisitas tortillas caseras (desde la cl\u00e1sica de patata hasta las m\u00e1s innovadoras), los pinchos reci\u00e9n hechos y los [&hellip;]<\/p>\n","protected":false},"author":1,"featured_media":0,"parent":0,"menu_order":0,"comment_status":"closed","ping_status":"closed","template":"elementor_canvas","meta":{"footnotes":""},"class_list":["post-20","page","type-page","status-publish","hentry"],"yoast_head":"<!-- This site is optimized with the Yoast SEO plugin v27.5 - https:\/\/yoast.com\/product\/yoast-seo-wordpress\/ -->\n<title>Inicio - Bar Galdakanes<\/title>\n<meta name=\"robots\" content=\"index, follow, max-snippet:-1, max-image-preview:large, max-video-preview:-1\" \/>\n<link rel=\"canonical\" href=\"https:\/\/bargaldakanes.es\/eu\/\" \/>\n<meta property=\"og:locale\" content=\"en_US\" \/>\n<meta property=\"og:type\" content=\"article\" \/>\n<meta property=\"og:title\" content=\"Inicio - Bar Galdakanes\" \/>\n<meta property=\"og:description\" content=\"Qui\u00e9nes somos En el coraz\u00f3n de Galdakao, junto a bancos y comercios, encontrar\u00e1s Bar Galdakanes, un cl\u00e1sico con m\u00e1s de 40 a\u00f1os de historia dedicados a la buena cocina y el trato cercano. Somos conocidos por nuestras exquisitas tortillas caseras (desde la cl\u00e1sica de patata hasta las m\u00e1s innovadoras), los pinchos reci\u00e9n hechos y los [&hellip;]\" \/>\n<meta property=\"og:url\" content=\"https:\/\/bargaldakanes.es\/eu\/\" \/>\n<meta property=\"og:site_name\" content=\"Bar Galdakanes\" \/>\n<meta property=\"article:modified_time\" content=\"2025-04-01T09:01:04+00:00\" \/>\n<meta property=\"og:image\" content=\"https:\/\/bargaldakanes.es\/wp-content\/uploads\/elementor\/thumbs\/banner_contacto-r3f8t5j6k5g3rj8ke8vdzrzalh70hybgy7fdqbesi8.jpg\" \/>\n<meta name=\"twitter:card\" content=\"summary_large_image\" \/>\n<meta name=\"twitter:label1\" content=\"Est. reading time\" \/>\n\t<meta name=\"twitter:data1\" content=\"5 minutua\" \/>\n<script type=\"application\/ld+json\" class=\"yoast-schema-graph\">{\"@context\":\"https:\\\/\\\/schema.org\",\"@graph\":[{\"@type\":\"WebPage\",\"@id\":\"https:\\\/\\\/bargaldakanes.es\\\/\",\"url\":\"https:\\\/\\\/bargaldakanes.es\\\/\",\"name\":\"Inicio - Bar Galdakanes\",\"isPartOf\":{\"@id\":\"https:\\\/\\\/bargaldakanes.es\\\/#website\"},\"primaryImageOfPage\":{\"@id\":\"https:\\\/\\\/bargaldakanes.es\\\/#primaryimage\"},\"image\":{\"@id\":\"https:\\\/\\\/bargaldakanes.es\\\/#primaryimage\"},\"thumbnailUrl\":\"https:\\\/\\\/bargaldakanes.es\\\/wp-content\\\/uploads\\\/elementor\\\/thumbs\\\/banner_contacto-r3f8t5j6k5g3rj8ke8vdzrzalh70hybgy7fdqbesi8.jpg\",\"datePublished\":\"2025-03-25T17:17:45+00:00\",\"dateModified\":\"2025-04-01T09:01:04+00:00\",\"breadcrumb\":{\"@id\":\"https:\\\/\\\/bargaldakanes.es\\\/#breadcrumb\"},\"inLanguage\":\"eu\",\"potentialAction\":[{\"@type\":\"ReadAction\",\"target\":[\"https:\\\/\\\/bargaldakanes.es\\\/\"]}]},{\"@type\":\"ImageObject\",\"inLanguage\":\"eu\",\"@id\":\"https:\\\/\\\/bargaldakanes.es\\\/#primaryimage\",\"url\":\"https:\\\/\\\/bargaldakanes.es\\\/wp-content\\\/uploads\\\/elementor\\\/thumbs\\\/banner_contacto-r3f8t5j6k5g3rj8ke8vdzrzalh70hybgy7fdqbesi8.jpg\",\"contentUrl\":\"https:\\\/\\\/bargaldakanes.es\\\/wp-content\\\/uploads\\\/elementor\\\/thumbs\\\/banner_contacto-r3f8t5j6k5g3rj8ke8vdzrzalh70hybgy7fdqbesi8.jpg\"},{\"@type\":\"BreadcrumbList\",\"@id\":\"https:\\\/\\\/bargaldakanes.es\\\/#breadcrumb\",\"itemListElement\":[{\"@type\":\"ListItem\",\"position\":1,\"name\":\"Portada\",\"item\":\"https:\\\/\\\/bargaldakanes.es\\\/\"},{\"@type\":\"ListItem\",\"position\":2,\"name\":\"Inicio\"}]},{\"@type\":\"WebSite\",\"@id\":\"https:\\\/\\\/bargaldakanes.es\\\/#website\",\"url\":\"https:\\\/\\\/bargaldakanes.es\\\/\",\"name\":\"Bar Galdakanes\",\"description\":\"Bar t\u00edpico de Galdakao con m\u00e1s de 40 a\u00f1os de historia\",\"publisher\":{\"@id\":\"https:\\\/\\\/bargaldakanes.es\\\/#organization\"},\"potentialAction\":[{\"@type\":\"SearchAction\",\"target\":{\"@type\":\"EntryPoint\",\"urlTemplate\":\"https:\\\/\\\/bargaldakanes.es\\\/?s={search_term_string}\"},\"query-input\":{\"@type\":\"PropertyValueSpecification\",\"valueRequired\":true,\"valueName\":\"search_term_string\"}}],\"inLanguage\":\"eu\"},{\"@type\":\"Organization\",\"@id\":\"https:\\\/\\\/bargaldakanes.es\\\/#organization\",\"name\":\"Bar Galdakanes\",\"url\":\"https:\\\/\\\/bargaldakanes.es\\\/\",\"logo\":{\"@type\":\"ImageObject\",\"inLanguage\":\"eu\",\"@id\":\"https:\\\/\\\/bargaldakanes.es\\\/#\\\/schema\\\/logo\\\/image\\\/\",\"url\":\"https:\\\/\\\/bargaldakanes.es\\\/wp-content\\\/uploads\\\/2025\\\/03\\\/cropped-bargaldakanes-01.png\",\"contentUrl\":\"https:\\\/\\\/bargaldakanes.es\\\/wp-content\\\/uploads\\\/2025\\\/03\\\/cropped-bargaldakanes-01.png\",\"width\":1080,\"height\":1080,\"caption\":\"Bar Galdakanes\"},\"image\":{\"@id\":\"https:\\\/\\\/bargaldakanes.es\\\/#\\\/schema\\\/logo\\\/image\\\/\"}}]}<\/script>\n<!-- \/ Yoast SEO plugin. -->","yoast_head_json":{"title":"Inicio - Bar Galdakanes","robots":{"index":"index","follow":"follow","max-snippet":"max-snippet:-1","max-image-preview":"max-image-preview:large","max-video-preview":"max-video-preview:-1"},"canonical":"https:\/\/bargaldakanes.es\/eu\/","og_locale":"en_US","og_type":"article","og_title":"Inicio - Bar Galdakanes","og_description":"Qui\u00e9nes somos En el coraz\u00f3n de Galdakao, junto a bancos y comercios, encontrar\u00e1s Bar Galdakanes, un cl\u00e1sico con m\u00e1s de 40 a\u00f1os de historia dedicados a la buena cocina y el trato cercano. Somos conocidos por nuestras exquisitas tortillas caseras (desde la cl\u00e1sica de patata hasta las m\u00e1s innovadoras), los pinchos reci\u00e9n hechos y los [&hellip;]","og_url":"https:\/\/bargaldakanes.es\/eu\/","og_site_name":"Bar Galdakanes","article_modified_time":"2025-04-01T09:01:04+00:00","og_image":[{"url":"https:\/\/bargaldakanes.es\/wp-content\/uploads\/elementor\/thumbs\/banner_contacto-r3f8t5j6k5g3rj8ke8vdzrzalh70hybgy7fdqbesi8.jpg","type":"","width":"","height":""}],"twitter_card":"summary_large_image","twitter_misc":{"Est. reading time":"5 minutua"},"schema":{"@context":"https:\/\/schema.org","@graph":[{"@type":"WebPage","@id":"https:\/\/bargaldakanes.es\/","url":"https:\/\/bargaldakanes.es\/","name":"Inicio - Bar Galdakanes","isPartOf":{"@id":"https:\/\/bargaldakanes.es\/#website"},"primaryImageOfPage":{"@id":"https:\/\/bargaldakanes.es\/#primaryimage"},"image":{"@id":"https:\/\/bargaldakanes.es\/#primaryimage"},"thumbnailUrl":"https:\/\/bargaldakanes.es\/wp-content\/uploads\/elementor\/thumbs\/banner_contacto-r3f8t5j6k5g3rj8ke8vdzrzalh70hybgy7fdqbesi8.jpg","datePublished":"2025-03-25T17:17:45+00:00","dateModified":"2025-04-01T09:01:04+00:00","breadcrumb":{"@id":"https:\/\/bargaldakanes.es\/#breadcrumb"},"inLanguage":"eu","potentialAction":[{"@type":"ReadAction","target":["https:\/\/bargaldakanes.es\/"]}]},{"@type":"ImageObject","inLanguage":"eu","@id":"https:\/\/bargaldakanes.es\/#primaryimage","url":"https:\/\/bargaldakanes.es\/wp-content\/uploads\/elementor\/thumbs\/banner_contacto-r3f8t5j6k5g3rj8ke8vdzrzalh70hybgy7fdqbesi8.jpg","contentUrl":"https:\/\/bargaldakanes.es\/wp-content\/uploads\/elementor\/thumbs\/banner_contacto-r3f8t5j6k5g3rj8ke8vdzrzalh70hybgy7fdqbesi8.jpg"},{"@type":"BreadcrumbList","@id":"https:\/\/bargaldakanes.es\/#breadcrumb","itemListElement":[{"@type":"ListItem","position":1,"name":"Portada","item":"https:\/\/bargaldakanes.es\/"},{"@type":"ListItem","position":2,"name":"Inicio"}]},{"@type":"WebSite","@id":"https:\/\/bargaldakanes.es\/#website","url":"https:\/\/bargaldakanes.es\/","name":"Bar Galdakanes","description":"Bar t\u00edpico de Galdakao con m\u00e1s de 40 a\u00f1os de historia","publisher":{"@id":"https:\/\/bargaldakanes.es\/#organization"},"potentialAction":[{"@type":"SearchAction","target":{"@type":"EntryPoint","urlTemplate":"https:\/\/bargaldakanes.es\/?s={search_term_string}"},"query-input":{"@type":"PropertyValueSpecification","valueRequired":true,"valueName":"search_term_string"}}],"inLanguage":"eu"},{"@type":"Organization","@id":"https:\/\/bargaldakanes.es\/#organization","name":"Bar Galdakanes","url":"https:\/\/bargaldakanes.es\/","logo":{"@type":"ImageObject","inLanguage":"eu","@id":"https:\/\/bargaldakanes.es\/#\/schema\/logo\/image\/","url":"https:\/\/bargaldakanes.es\/wp-content\/uploads\/2025\/03\/cropped-bargaldakanes-01.png","contentUrl":"https:\/\/bargaldakanes.es\/wp-content\/uploads\/2025\/03\/cropped-bargaldakanes-01.png","width":1080,"height":1080,"caption":"Bar Galdakanes"},"image":{"@id":"https:\/\/bargaldakanes.es\/#\/schema\/logo\/image\/"}}]}},"_links":{"self":[{"href":"https:\/\/bargaldakanes.es\/eu\/wp-json\/wp\/v2\/pages\/20","targetHints":{"allow":["GET"]}}],"collection":[{"href":"https:\/\/bargaldakanes.es\/eu\/wp-json\/wp\/v2\/pages"}],"about":[{"href":"https:\/\/bargaldakanes.es\/eu\/wp-json\/wp\/v2\/types\/page"}],"author":[{"embeddable":true,"href":"https:\/\/bargaldakanes.es\/eu\/wp-json\/wp\/v2\/users\/1"}],"replies":[{"embeddable":true,"href":"https:\/\/bargaldakanes.es\/eu\/wp-json\/wp\/v2\/comments?post=20"}],"version-history":[{"count":80,"href":"https:\/\/bargaldakanes.es\/eu\/wp-json\/wp\/v2\/pages\/20\/revisions"}],"predecessor-version":[{"id":383,"href":"https:\/\/bargaldakanes.es\/eu\/wp-json\/wp\/v2\/pages\/20\/revisions\/383"}],"wp:attachment":[{"href":"https:\/\/bargaldakanes.es\/eu\/wp-json\/wp\/v2\/media?parent=20"}],"curies":[{"name":"wp","href":"https:\/\/api.w.org\/{rel}","templated":true}]}}